{"id":518,"date":"2025-02-20T10:02:40","date_gmt":"2025-02-20T09:02:40","guid":{"rendered":"https:\/\/labs.100x100.net\/projects\/impulsosolar\/home\/"},"modified":"2025-10-06T15:41:35","modified_gmt":"2025-10-06T13:41:35","slug":"home","status":"publish","type":"page","link":"https:\/\/impulsosolar.com\/es\/","title":{"rendered":"Home"},"content":{"rendered":"","protected":false},"excerpt":{"rendered":"","protected":false},"author":1,"featured_media":0,"parent":0,"menu_order":0,"comment_status":"closed","ping_status":"closed","template":"page-home.php","meta":{"_acf_changed":false,"footnotes":""},"class_list":["post-518","page","type-page","status-publish","hentry"],"acf":[],"yoast_head":"<!-- This site is optimized with the Yoast SEO plugin v27.2 - https:\/\/yoast.com\/product\/yoast-seo-wordpress\/ -->\n<title>Impulso Solar - Especialistas en energ\u00eda solar fotovoltaica<\/title>\n<meta name=\"description\" content=\"Expertos en energ\u00eda solar y autoconsumo en Catalu\u00f1a. Instalamos y mantenemos placas solares para hogares, empresas y comunidades. Ahorra con Impulso Solar.\" \/>\n<meta name=\"robots\" content=\"index, follow, max-snippet:-1, max-image-preview:large, max-video-preview:-1\" \/>\n<link rel=\"canonical\" href=\"https:\/\/impulsosolar.com\/es\/\" \/>\n<meta property=\"og:locale\" content=\"es_ES\" \/>\n<meta property=\"og:type\" content=\"article\" \/>\n<meta property=\"og:title\" content=\"Impulso Solar - Especialistas en energ\u00eda solar fotovoltaica\" \/>\n<meta property=\"og:description\" content=\"Expertos en energ\u00eda solar y autoconsumo en Catalu\u00f1a. Instalamos y mantenemos placas solares para hogares, empresas y comunidades. Ahorra con Impulso Solar.\" \/>\n<meta property=\"og:url\" content=\"https:\/\/impulsosolar.com\/es\/\" \/>\n<meta property=\"og:site_name\" content=\"Impulso Solar\" \/>\n<meta property=\"article:modified_time\" content=\"2025-10-06T13:41:35+00:00\" \/>\n<meta property=\"og:image\" content=\"https:\/\/hundreds-wordpress-uploads.s3.amazonaws.com\/impulsosolar\/uploads\/2025\/03\/portada-home.jpg\" \/>\n\t<meta property=\"og:image:width\" content=\"1410\" \/>\n\t<meta property=\"og:image:height\" content=\"1400\" \/>\n\t<meta property=\"og:image:type\" content=\"image\/jpeg\" \/>\n<meta name=\"twitter:card\" content=\"summary_large_image\" \/>\n<script type=\"application\/ld+json\" class=\"yoast-schema-graph\">{\"@context\":\"https:\/\/schema.org\",\"@graph\":[{\"@type\":\"WebPage\",\"@id\":\"https:\/\/impulsosolar.com\/es\/\",\"url\":\"https:\/\/impulsosolar.com\/es\/\",\"name\":\"Impulso Solar - Especialistas en energ\u00eda solar fotovoltaica\",\"isPartOf\":{\"@id\":\"https:\/\/www.impulsosolar.com\/es\/#website\"},\"datePublished\":\"2025-02-20T09:02:40+00:00\",\"dateModified\":\"2025-10-06T13:41:35+00:00\",\"description\":\"Expertos en energ\u00eda solar y autoconsumo en Catalu\u00f1a. Instalamos y mantenemos placas solares para hogares, empresas y comunidades. Ahorra con Impulso Solar.\",\"breadcrumb\":{\"@id\":\"https:\/\/impulsosolar.com\/es\/#breadcrumb\"},\"inLanguage\":\"es\",\"potentialAction\":[{\"@type\":\"ReadAction\",\"target\":[\"https:\/\/impulsosolar.com\/es\/\"]}]},{\"@type\":\"BreadcrumbList\",\"@id\":\"https:\/\/impulsosolar.com\/es\/#breadcrumb\",\"itemListElement\":[{\"@type\":\"ListItem\",\"position\":1,\"name\":\"Inici\",\"item\":\"https:\/\/www.impulsosolar.com\/es\/\"},{\"@type\":\"ListItem\",\"position\":2,\"name\":\"Home\"}]},{\"@type\":\"WebSite\",\"@id\":\"https:\/\/www.impulsosolar.com\/es\/#website\",\"url\":\"https:\/\/www.impulsosolar.com\/es\/\",\"name\":\"Impulso Solar\",\"description\":\"\",\"potentialAction\":[{\"@type\":\"SearchAction\",\"target\":{\"@type\":\"EntryPoint\",\"urlTemplate\":\"https:\/\/www.impulsosolar.com\/es\/?s={search_term_string}\"},\"query-input\":{\"@type\":\"PropertyValueSpecification\",\"valueRequired\":true,\"valueName\":\"search_term_string\"}}],\"inLanguage\":\"es\"}]}<\/script>\n<!-- \/ Yoast SEO plugin. -->","yoast_head_json":{"title":"Impulso Solar - Especialistas en energ\u00eda solar fotovoltaica","description":"Expertos en energ\u00eda solar y autoconsumo en Catalu\u00f1a. Instalamos y mantenemos placas solares para hogares, empresas y comunidades. Ahorra con Impulso Solar.","robots":{"index":"index","follow":"follow","max-snippet":"max-snippet:-1","max-image-preview":"max-image-preview:large","max-video-preview":"max-video-preview:-1"},"canonical":"https:\/\/impulsosolar.com\/es\/","og_locale":"es_ES","og_type":"article","og_title":"Impulso Solar - Especialistas en energ\u00eda solar fotovoltaica","og_description":"Expertos en energ\u00eda solar y autoconsumo en Catalu\u00f1a. Instalamos y mantenemos placas solares para hogares, empresas y comunidades. Ahorra con Impulso Solar.","og_url":"https:\/\/impulsosolar.com\/es\/","og_site_name":"Impulso Solar","article_modified_time":"2025-10-06T13:41:35+00:00","og_image":[{"width":1410,"height":1400,"url":"https:\/\/hundreds-wordpress-uploads.s3.amazonaws.com\/impulsosolar\/uploads\/2025\/03\/portada-home.jpg","type":"image\/jpeg"}],"twitter_card":"summary_large_image","schema":{"@context":"https:\/\/schema.org","@graph":[{"@type":"WebPage","@id":"https:\/\/impulsosolar.com\/es\/","url":"https:\/\/impulsosolar.com\/es\/","name":"Impulso Solar - Especialistas en energ\u00eda solar fotovoltaica","isPartOf":{"@id":"https:\/\/www.impulsosolar.com\/es\/#website"},"datePublished":"2025-02-20T09:02:40+00:00","dateModified":"2025-10-06T13:41:35+00:00","description":"Expertos en energ\u00eda solar y autoconsumo en Catalu\u00f1a. Instalamos y mantenemos placas solares para hogares, empresas y comunidades. Ahorra con Impulso Solar.","breadcrumb":{"@id":"https:\/\/impulsosolar.com\/es\/#breadcrumb"},"inLanguage":"es","potentialAction":[{"@type":"ReadAction","target":["https:\/\/impulsosolar.com\/es\/"]}]},{"@type":"BreadcrumbList","@id":"https:\/\/impulsosolar.com\/es\/#breadcrumb","itemListElement":[{"@type":"ListItem","position":1,"name":"Inici","item":"https:\/\/www.impulsosolar.com\/es\/"},{"@type":"ListItem","position":2,"name":"Home"}]},{"@type":"WebSite","@id":"https:\/\/www.impulsosolar.com\/es\/#website","url":"https:\/\/www.impulsosolar.com\/es\/","name":"Impulso Solar","description":"","potentialAction":[{"@type":"SearchAction","target":{"@type":"EntryPoint","urlTemplate":"https:\/\/www.impulsosolar.com\/es\/?s={search_term_string}"},"query-input":{"@type":"PropertyValueSpecification","valueRequired":true,"valueName":"search_term_string"}}],"inLanguage":"es"}]}},"_links":{"self":[{"href":"https:\/\/impulsosolar.com\/es\/wp-json\/wp\/v2\/pages\/518","targetHints":{"allow":["GET"]}}],"collection":[{"href":"https:\/\/impulsosolar.com\/es\/wp-json\/wp\/v2\/pages"}],"about":[{"href":"https:\/\/impulsosolar.com\/es\/wp-json\/wp\/v2\/types\/page"}],"author":[{"embeddable":true,"href":"https:\/\/impulsosolar.com\/es\/wp-json\/wp\/v2\/users\/1"}],"replies":[{"embeddable":true,"href":"https:\/\/impulsosolar.com\/es\/wp-json\/wp\/v2\/comments?post=518"}],"version-history":[{"count":18,"href":"https:\/\/impulsosolar.com\/es\/wp-json\/wp\/v2\/pages\/518\/revisions"}],"predecessor-version":[{"id":1102,"href":"https:\/\/impulsosolar.com\/es\/wp-json\/wp\/v2\/pages\/518\/revisions\/1102"}],"wp:attachment":[{"href":"https:\/\/impulsosolar.com\/es\/wp-json\/wp\/v2\/media?parent=518"}],"curies":[{"name":"wp","href":"https:\/\/api.w.org\/{rel}","templated":true}]}}